{"id":4258,"date":"2025-08-11T16:22:20","date_gmt":"2025-08-11T14:22:20","guid":{"rendered":"http:\/\/www.dehag.de\/fitnesswelten\/produkt\/hautdickenmesser-ohne-handbuch\/"},"modified":"2025-08-13T16:15:21","modified_gmt":"2025-08-13T14:15:21","slug":"hautdickenmesser-caliper-ohne-handbuch","status":"publish","type":"product","link":"https:\/\/www.dehag.de\/fitnesswelten\/produkt\/hautdickenmesser-caliper-ohne-handbuch\/","title":{"rendered":"Hautdickenmesser (Caliper) OHNE Handbuch"},"content":{"rendered":"<p>Hautfaltendickenmesser <\/p>\n<p>Ein Hautfaltendickenmesser ist ein pr\u00e4zises Messinstrument zur Bestimmung des K\u00f6rperfettanteils durch Messung der Dicke von Hautfalten an verschiedenen K\u00f6rperstellen. Das Ger\u00e4t wird h\u00e4ufig im Fitnessbereich, in der Sportmedizin sowie in der Ern\u00e4hrungsberatung eingesetzt und bietet eine einfache, kosteng\u00fcnstige und zuverl\u00e4ssige Methode zur Ermittlung des K\u00f6rperfettanteils.<\/p>\n<p>Das Messger\u00e4t funktioniert nach dem Prinzip der sogenannten SKF-Methode (Skinfold Measurement): Mit dem Messger\u00e4t wird eine Hautfalte an definierten Messpunkten (z.\u202fB. Bauch, Oberschenkel) erfasst und die Dicke in Millimetern abgelesen. Anhand dieser Werte kann \u00fcber Formeln oder Tabellen der K\u00f6rperfettanteil berechnet werden.<\/p>\n<p>Eigenschaften:<\/p>\n<p>0,06 Kg<\/p>\n<p>Pr\u00e4zise Messung der Hautfaltendicke in Millimetern<\/p>\n<p>Ergonomisches Design f\u00fcr einfache Handhabung<\/p>\n<p>Leichtes, robustes Material (Kunststoff )<\/p>\n<p>Ideal f\u00fcr Fitnessstudios, Personal Trainer, Sportwissenschaftler,Gesundheitsberater, Bodybuilder und Privatpersonen<\/p>\n<p>F\u00fcr M\u00e4nner und Frauen geeignet<\/p>\n<p>Ab einer Bestellmenge von 3 St\u00fcck gew\u00e4hren wir Ihnen 10% Rabatt.<br \/>\nAb einer Bestellmenge von 10 St\u00fcck gew\u00e4hren wir Ihnen 20% Rabatt<\/p>\n","protected":false},"excerpt":{"rendered":"<p>Hautfaltendickenmesser<\/p>\n<p>Ein Hautfaltendickenmesser ist ein pr\u00e4zises Messinstrument zur Bestimmung des K\u00f6rperfettanteils durch Messung der Dicke von Hautfalten an verschiedenen K\u00f6rperstellen. Das Ger\u00e4t wird h\u00e4ufig im Fitnessbereich, in der Sportmedizin sowie in der Ern\u00e4hrungsberatung eingesetzt und bietet eine einfache, kosteng\u00fcnstige und zuverl\u00e4ssige Methode zur Ermittlung des K\u00f6rperfettanteils.<\/p>\n","protected":false},"featured_media":4259,"template":"","meta":{"_et_pb_use_builder":"","_et_pb_old_content":"","_et_gb_content_width":""},"product_brand":[],"product_cat":[116],"product_tag":[],"class_list":{"0":"post-4258","1":"product","2":"type-product","3":"status-publish","4":"has-post-thumbnail","6":"product_cat-messen-testen-aqua-fitness","7":"product_shipping_class-dhl","9":"first","10":"instock","11":"taxable","12":"shipping-taxable","13":"purchasable","14":"product-type-simple"},"acf":[],"_links":{"self":[{"href":"https:\/\/www.dehag.de\/fitnesswelten\/wp-json\/wp\/v2\/product\/4258","targetHints":{"allow":["GET"]}}],"collection":[{"href":"https:\/\/www.dehag.de\/fitnesswelten\/wp-json\/wp\/v2\/product"}],"about":[{"href":"https:\/\/www.dehag.de\/fitnesswelten\/wp-json\/wp\/v2\/types\/product"}],"wp:featuredmedia":[{"embeddable":true,"href":"https:\/\/www.dehag.de\/fitnesswelten\/wp-json\/wp\/v2\/media\/4259"}],"wp:attachment":[{"href":"https:\/\/www.dehag.de\/fitnesswelten\/wp-json\/wp\/v2\/media?parent=4258"}],"wp:term":[{"taxonomy":"product_brand","embeddable":true,"href":"https:\/\/www.dehag.de\/fitnesswelten\/wp-json\/wp\/v2\/product_brand?post=4258"},{"taxonomy":"product_cat","embeddable":true,"href":"https:\/\/www.dehag.de\/fitnesswelten\/wp-json\/wp\/v2\/product_cat?post=4258"},{"taxonomy":"product_tag","embeddable":true,"href":"https:\/\/www.dehag.de\/fitnesswelten\/wp-json\/wp\/v2\/product_tag?post=4258"}],"curies":[{"name":"wp","href":"https:\/\/api.w.org\/{rel}","templated":true}]}}