{"id":4263,"date":"2019-12-27T09:55:59","date_gmt":"2019-12-27T08:55:59","guid":{"rendered":"http:\/\/www.dehag.de\/fitnesswelten\/produkt\/rucanor-gym-ball-blau-90cm\/"},"modified":"2025-08-12T09:34:40","modified_gmt":"2025-08-12T07:34:40","slug":"rucanor-gym-ball-blau-90cm","status":"publish","type":"product","link":"https:\/\/www.dehag.de\/fitnesswelten\/produkt\/rucanor-gym-ball-blau-90cm\/","title":{"rendered":"Rucanor Gym-Ball blau 90cm"},"content":{"rendered":"<p>Produktvorteile im \u00dcberblick:<\/p>\n<p>    Extra gro\u00dfer Durchmesser (90 cm): Ideal f\u00fcr gr\u00f6\u00dfere Personen oder \u00dcbungen mit zus\u00e4tzlichem Bewegungsfreiraum<\/p>\n<p>    Rutschfest &#038; sicher: Gefertigt aus strapazierf\u00e4higem Anti-Burst-Material f\u00fcr maximale Stabilit\u00e4t<\/p>\n<p>    Vielseitig einsetzbar: Perfekt f\u00fcr Pilates, Yoga, Core-Training, Gleichgewichts\u00fcbungen &#038; Reha<\/p>\n<p>    Ergonomisch im Alltag: Als Sitzball verwendbar \u2013 f\u00f6rdert eine gesunde K\u00f6rperhaltung im B\u00fcro oder zu Hause<\/p>\n<p>    Pflegeleicht: Abwaschbare, glatte Oberfl\u00e4che f\u00fcr einfache Reinigung<\/p>\n<p>    Technische Details:<\/p>\n<p>    Marke: Rucanor<\/p>\n<p>    Farbe: Blau<\/p>\n<p>    Durchmesser: 90 cm<\/p>\n<p>    Material: Robustes PVC (Anti-Burst)<\/p>\n","protected":false},"excerpt":{"rendered":"<p>Rucanor Gym-Ball 90 cm \u2013 Blau<\/p>\n<p>Steigere Deine Fitness und verbessere Deine Haltung mit dem hochwertigen Gymnastikball von Rucanor. Mit einem Durchmesser von 90 cm eignet sich dieser blaue Fitnessball ideal f\u00fcr effektives Training zu Hause, im Studio oder im B\u00fcro.<\/p>\n<p>Ob f\u00fcr Pilates, Yoga, R\u00fcckentraining oder als ergonomischer Sitzball \u2013 der Rucanor Gym-Ball ist vielseitig einsetzbar und unterst\u00fctzt dich zuverl\u00e4ssig bei jedem Workout.<\/p>\n","protected":false},"featured_media":4264,"template":"","meta":{"_et_pb_use_builder":"","_et_pb_old_content":"","_et_gb_content_width":""},"product_brand":[],"product_cat":[117],"product_tag":[],"class_list":{"0":"post-4263","1":"product","2":"type-product","3":"status-publish","4":"has-post-thumbnail","6":"product_cat-baelle-und-zubehoer","7":"product_shipping_class-dhl","9":"first","10":"instock","11":"taxable","12":"shipping-taxable","13":"purchasable","14":"product-type-simple"},"acf":[],"_links":{"self":[{"href":"https:\/\/www.dehag.de\/fitnesswelten\/wp-json\/wp\/v2\/product\/4263","targetHints":{"allow":["GET"]}}],"collection":[{"href":"https:\/\/www.dehag.de\/fitnesswelten\/wp-json\/wp\/v2\/product"}],"about":[{"href":"https:\/\/www.dehag.de\/fitnesswelten\/wp-json\/wp\/v2\/types\/product"}],"wp:featuredmedia":[{"embeddable":true,"href":"https:\/\/www.dehag.de\/fitnesswelten\/wp-json\/wp\/v2\/media\/4264"}],"wp:attachment":[{"href":"https:\/\/www.dehag.de\/fitnesswelten\/wp-json\/wp\/v2\/media?parent=4263"}],"wp:term":[{"taxonomy":"product_brand","embeddable":true,"href":"https:\/\/www.dehag.de\/fitnesswelten\/wp-json\/wp\/v2\/product_brand?post=4263"},{"taxonomy":"product_cat","embeddable":true,"href":"https:\/\/www.dehag.de\/fitnesswelten\/wp-json\/wp\/v2\/product_cat?post=4263"},{"taxonomy":"product_tag","embeddable":true,"href":"https:\/\/www.dehag.de\/fitnesswelten\/wp-json\/wp\/v2\/product_tag?post=4263"}],"curies":[{"name":"wp","href":"https:\/\/api.w.org\/{rel}","templated":true}]}}