{"id":4265,"date":"2016-12-28T15:31:12","date_gmt":"2016-12-28T14:31:12","guid":{"rendered":"http:\/\/www.dehag.de\/fitnesswelten\/produkt\/rucanor-fussball-ballpumpe-schwarz-fix\/"},"modified":"2025-08-12T10:08:37","modified_gmt":"2025-08-12T08:08:37","slug":"rucanor-fussball-ballpumpe-schwarz-fix","status":"publish","type":"product","link":"https:\/\/www.dehag.de\/fitnesswelten\/produkt\/rucanor-fussball-ballpumpe-schwarz-fix\/","title":{"rendered":"Rucanor Fu\u00dfball Ballpumpe schwarz FIX"},"content":{"rendered":"<p>Die robuste Verarbeitung und das schlanke, schwarze Design machen sie nicht nur praktisch, sondern auch optisch ansprechend. Ausgestattet mit einer hochwertigen, nickelfreien Nadel eignet sich die Ballpumpe perfekt f\u00fcr empfindliche Materialien und ist besonders hautfreundlich.<\/p>\n<p>Produktdetails:<\/p>\n<p>    Marke: Rucanor<\/p>\n<p>    Farbe: Schwarz<\/p>\n<p>    L\u00e4nge: 30,5 cm<\/p>\n<p>    Inklusive nickelfreier Nadel<\/p>\n<p>    F\u00fcr alle g\u00e4ngigen B\u00e4lle geeignet (z.\u202fB. Fu\u00dfball, Handball, Basketball)<\/p>\n<p>    Kompakt, leicht &#038; einfach zu transportieren<\/p>\n<p>Ob f\u00fcr den Verein, das Training oder den Freizeitsport \u2013 mit der Rucanor Ballpumpe bist Du immer bestens vorbereitet.<\/p>\n","protected":false},"excerpt":{"rendered":"<p>Die Rucanor Ballpumpe ist der ideale Begleiter f\u00fcr alle Sportbegeisterten, die ihre B\u00e4lle schnell und zuverl\u00e4ssig aufpumpen m\u00f6chten. Mit einer kompakten L\u00e4nge von 30,5 cm liegt die Pumpe gut in der Hand und passt problemlos in jede Sporttasche.<\/p>\n","protected":false},"featured_media":4266,"template":"","meta":{"_et_pb_use_builder":"","_et_pb_old_content":"","_et_gb_content_width":""},"product_brand":[],"product_cat":[94],"product_tag":[],"class_list":{"0":"post-4265","1":"product","2":"type-product","3":"status-publish","4":"has-post-thumbnail","6":"product_cat-zubehoer","7":"product_shipping_class-dhl","9":"first","10":"instock","11":"taxable","12":"shipping-taxable","13":"purchasable","14":"product-type-simple"},"acf":[],"_links":{"self":[{"href":"https:\/\/www.dehag.de\/fitnesswelten\/wp-json\/wp\/v2\/product\/4265","targetHints":{"allow":["GET"]}}],"collection":[{"href":"https:\/\/www.dehag.de\/fitnesswelten\/wp-json\/wp\/v2\/product"}],"about":[{"href":"https:\/\/www.dehag.de\/fitnesswelten\/wp-json\/wp\/v2\/types\/product"}],"wp:featuredmedia":[{"embeddable":true,"href":"https:\/\/www.dehag.de\/fitnesswelten\/wp-json\/wp\/v2\/media\/4266"}],"wp:attachment":[{"href":"https:\/\/www.dehag.de\/fitnesswelten\/wp-json\/wp\/v2\/media?parent=4265"}],"wp:term":[{"taxonomy":"product_brand","embeddable":true,"href":"https:\/\/www.dehag.de\/fitnesswelten\/wp-json\/wp\/v2\/product_brand?post=4265"},{"taxonomy":"product_cat","embeddable":true,"href":"https:\/\/www.dehag.de\/fitnesswelten\/wp-json\/wp\/v2\/product_cat?post=4265"},{"taxonomy":"product_tag","embeddable":true,"href":"https:\/\/www.dehag.de\/fitnesswelten\/wp-json\/wp\/v2\/product_tag?post=4265"}],"curies":[{"name":"wp","href":"https:\/\/api.w.org\/{rel}","templated":true}]}}