{"id":4282,"date":"2019-12-23T12:11:45","date_gmt":"2019-12-23T11:11:45","guid":{"rendered":"http:\/\/www.dehag.de\/fitnesswelten\/produkt\/aero-step-xl-rot\/"},"modified":"2025-09-02T08:20:15","modified_gmt":"2025-09-02T06:20:15","slug":"aero-step-xl-rot-51-x-37-x-8-cm","status":"publish","type":"product","link":"https:\/\/www.dehag.de\/fitnesswelten\/produkt\/aero-step-xl-rot-51-x-37-x-8-cm\/","title":{"rendered":"Aero Step XL Rot, 51 \u00d7 37 \u00d7 8 cm"},"content":{"rendered":"<p>Die genoppte Oberfl\u00e4che stimuliert die Fu\u00dfreflexzonen und f\u00f6rdert die Durchblutung, w\u00e4hrend das luftgef\u00fcllte Luftkammersystem eine instabile, aber rutschfeste Unterlage bietet. Dadurch wird der K\u00f6rper dauerhaft zur Stabilisierung aktiviert, was gezielt die tiefer liegende Muskulatur st\u00e4rkt \u2013 ganz gleich, ob im Stehen oder Liegen.<\/p>\n<p>Dank des robusten Materials eignet sich der Aero-Step\u00ae sowohl f\u00fcr den Innen- als auch Au\u00dfenbereich.<\/p>\n<p>Produktdetails:<\/p>\n<p>Ma\u00dfe: 51 \u00d7 37 \u00d7 8 cm<\/p>\n<p>Gewicht: ca. 3,0  kg<\/p>\n<p>Max. Belastbarkeit: ca. 200 kg<\/p>\n<p>Material: robust &#038; langlebig<\/p>\n<p>Ihre Vorteile auf einen Blick:<\/p>\n<p>Effektives Training von Balance &#038; Koordination<br \/>\nKr\u00e4ftigt die Tiefenmuskulatur<br \/>\nGenoppte Oberfl\u00e4che regt die Durchblutung an<br \/>\nRutschfest &#038; instabil \u2013 f\u00fcr mehr Trainingsreize<br \/>\nF\u00fcr drinnen &#038; drau\u00dfen geeignet<\/p>\n","protected":false},"excerpt":{"rendered":"<p>Der Aero-Step\u00ae Balance-Trainer ist das ideale Trainingsger\u00e4t zur Verbesserung von Koordination, Gleichgewicht und K\u00f6rperstabilit\u00e4t \u2013 sowohl im Fitnessbereich als auch in der Therapie<\/p>\n","protected":false},"featured_media":4284,"template":"","meta":{"_et_pb_use_builder":"","_et_pb_old_content":"","_et_gb_content_width":""},"product_brand":[],"product_cat":[84],"product_tag":[],"class_list":{"0":"post-4282","1":"product","2":"type-product","3":"status-publish","4":"has-post-thumbnail","6":"product_cat-cardio-und-krafttrainingsgeraete","7":"product_shipping_class-dhl","9":"first","10":"instock","11":"taxable","12":"shipping-taxable","13":"purchasable","14":"product-type-simple"},"acf":[],"_links":{"self":[{"href":"https:\/\/www.dehag.de\/fitnesswelten\/wp-json\/wp\/v2\/product\/4282","targetHints":{"allow":["GET"]}}],"collection":[{"href":"https:\/\/www.dehag.de\/fitnesswelten\/wp-json\/wp\/v2\/product"}],"about":[{"href":"https:\/\/www.dehag.de\/fitnesswelten\/wp-json\/wp\/v2\/types\/product"}],"wp:featuredmedia":[{"embeddable":true,"href":"https:\/\/www.dehag.de\/fitnesswelten\/wp-json\/wp\/v2\/media\/4284"}],"wp:attachment":[{"href":"https:\/\/www.dehag.de\/fitnesswelten\/wp-json\/wp\/v2\/media?parent=4282"}],"wp:term":[{"taxonomy":"product_brand","embeddable":true,"href":"https:\/\/www.dehag.de\/fitnesswelten\/wp-json\/wp\/v2\/product_brand?post=4282"},{"taxonomy":"product_cat","embeddable":true,"href":"https:\/\/www.dehag.de\/fitnesswelten\/wp-json\/wp\/v2\/product_cat?post=4282"},{"taxonomy":"product_tag","embeddable":true,"href":"https:\/\/www.dehag.de\/fitnesswelten\/wp-json\/wp\/v2\/product_tag?post=4282"}],"curies":[{"name":"wp","href":"https:\/\/api.w.org\/{rel}","templated":true}]}}