{"id":4305,"date":"2025-08-18T11:15:59","date_gmt":"2025-08-18T09:15:59","guid":{"rendered":"http:\/\/www.dehag.de\/fitnesswelten\/produkt\/sveltus-medizinball-1-kg\/"},"modified":"2025-08-22T12:01:24","modified_gmt":"2025-08-22T10:01:24","slug":"sveltus-medizinball-1-kg","status":"publish","type":"product","link":"https:\/\/www.dehag.de\/fitnesswelten\/produkt\/sveltus-medizinball-1-kg\/","title":{"rendered":"Sveltus Medizinball, 1 Kg"},"content":{"rendered":"<p>Sveltus Medizinball<br \/>\n1 kg<br \/>\n\u00d8 ca. 19,5 cm<\/p>\n","protected":false},"excerpt":{"rendered":"<p>Ideal zur Kr\u00e4ftigung der Muskulatur und zur Verbesserung von Koordination und Gleichgewicht. Dieser vielseitige Medizinball erm\u00f6glicht eine gro\u00dfe Bandbreite an \u00dcbungen wie Rotationen, Core-Training oder funktionelle Gymnastik. Die geriffelte Oberfl\u00e4che sorgt f\u00fcr optimalen Grip und maximale Sicherheit bei jeder Bewegung.<\/p>\n","protected":false},"featured_media":4306,"template":"","meta":{"_et_pb_use_builder":"","_et_pb_old_content":"","_et_gb_content_width":""},"product_brand":[],"product_cat":[80,117],"product_tag":[],"class_list":{"0":"post-4305","1":"product","2":"type-product","3":"status-publish","4":"has-post-thumbnail","6":"product_cat-aqua-fitness","7":"product_cat-baelle-und-zubehoer","8":"product_shipping_class-dhl","10":"first","11":"instock","12":"taxable","13":"shipping-taxable","14":"purchasable","15":"product-type-simple"},"acf":[],"_links":{"self":[{"href":"https:\/\/www.dehag.de\/fitnesswelten\/wp-json\/wp\/v2\/product\/4305","targetHints":{"allow":["GET"]}}],"collection":[{"href":"https:\/\/www.dehag.de\/fitnesswelten\/wp-json\/wp\/v2\/product"}],"about":[{"href":"https:\/\/www.dehag.de\/fitnesswelten\/wp-json\/wp\/v2\/types\/product"}],"wp:featuredmedia":[{"embeddable":true,"href":"https:\/\/www.dehag.de\/fitnesswelten\/wp-json\/wp\/v2\/media\/4306"}],"wp:attachment":[{"href":"https:\/\/www.dehag.de\/fitnesswelten\/wp-json\/wp\/v2\/media?parent=4305"}],"wp:term":[{"taxonomy":"product_brand","embeddable":true,"href":"https:\/\/www.dehag.de\/fitnesswelten\/wp-json\/wp\/v2\/product_brand?post=4305"},{"taxonomy":"product_cat","embeddable":true,"href":"https:\/\/www.dehag.de\/fitnesswelten\/wp-json\/wp\/v2\/product_cat?post=4305"},{"taxonomy":"product_tag","embeddable":true,"href":"https:\/\/www.dehag.de\/fitnesswelten\/wp-json\/wp\/v2\/product_tag?post=4305"}],"curies":[{"name":"wp","href":"https:\/\/api.w.org\/{rel}","templated":true}]}}