{"id":4323,"date":"2025-08-19T10:53:57","date_gmt":"2025-08-19T08:53:57","guid":{"rendered":"http:\/\/www.dehag.de\/fitnesswelten\/produkt\/aqua-happy-drum-sticks-30-cm\/"},"modified":"2026-01-22T09:23:03","modified_gmt":"2026-01-22T08:23:03","slug":"aqua-happy-drum-sticks-30-cm","status":"publish","type":"product","link":"https:\/\/www.dehag.de\/fitnesswelten\/produkt\/aqua-happy-drum-sticks-30-cm\/","title":{"rendered":"Aqua Happy Drum Sticks, 30 cm"},"content":{"rendered":"<p>Super geeignet f\u00fcr Trainierende im Wasser, diese Sticks unterst\u00fctzen jedes Training. F\u00fcr jung und alt geeignet.<\/p>\n<p>Zum Trommeln, Ziehen und Schwingen im Wasser.<br \/>\nBaut Stress ab, f\u00f6rdert die Konzentration und macht Spa\u00df.<br \/>\nHygienisch und desinfizierbar.<\/p>\n<p>Lieferung paarweise<\/p>\n<p>L\u00e4nge: 30 cm<\/p>\n<p>Lieferzeiten: 2-5 Tage<br \/>\n\u2013 gilt f\u00fcr Lieferungen innerhalb Deutschlands, Lieferzeiten f\u00fcr andere L\u00e4nder entnehmen Sie bitte der Schaltfl\u00e4che mit den Versandinformationen<\/p>\n","protected":false},"excerpt":{"rendered":"<p>Die DEHAG Happy Drums Sticks bestehen aus Kunststoff und sind extrem bruchfest.Durch einen ergonomisch optimal Komfort Handgriff hast du die besten Voraussetzungen f\u00fcr eine optimale Power Stunde.<\/p>\n","protected":false},"featured_media":4324,"template":"","meta":{"_et_pb_use_builder":"","_et_pb_old_content":"","_et_gb_content_width":""},"product_brand":[],"product_cat":[78,93],"product_tag":[],"class_list":{"0":"post-4323","1":"product","2":"type-product","3":"status-publish","4":"has-post-thumbnail","6":"product_cat-dehag-fitnesswelten-2022","7":"product_cat-kleingeraete-aqua-fitness","8":"product_shipping_class-dhl","10":"first","11":"instock","12":"taxable","13":"shipping-taxable","14":"purchasable","15":"product-type-simple"},"acf":[],"_links":{"self":[{"href":"https:\/\/www.dehag.de\/fitnesswelten\/wp-json\/wp\/v2\/product\/4323","targetHints":{"allow":["GET"]}}],"collection":[{"href":"https:\/\/www.dehag.de\/fitnesswelten\/wp-json\/wp\/v2\/product"}],"about":[{"href":"https:\/\/www.dehag.de\/fitnesswelten\/wp-json\/wp\/v2\/types\/product"}],"wp:featuredmedia":[{"embeddable":true,"href":"https:\/\/www.dehag.de\/fitnesswelten\/wp-json\/wp\/v2\/media\/4324"}],"wp:attachment":[{"href":"https:\/\/www.dehag.de\/fitnesswelten\/wp-json\/wp\/v2\/media?parent=4323"}],"wp:term":[{"taxonomy":"product_brand","embeddable":true,"href":"https:\/\/www.dehag.de\/fitnesswelten\/wp-json\/wp\/v2\/product_brand?post=4323"},{"taxonomy":"product_cat","embeddable":true,"href":"https:\/\/www.dehag.de\/fitnesswelten\/wp-json\/wp\/v2\/product_cat?post=4323"},{"taxonomy":"product_tag","embeddable":true,"href":"https:\/\/www.dehag.de\/fitnesswelten\/wp-json\/wp\/v2\/product_tag?post=4323"}],"curies":[{"name":"wp","href":"https:\/\/api.w.org\/{rel}","templated":true}]}}