{"id":4385,"date":"2019-12-23T11:45:53","date_gmt":"2019-12-23T10:45:53","guid":{"rendered":"http:\/\/www.dehag.de\/fitnesswelten\/produkt\/dyn-air-ballkissen-kids-blau-30-cm\/"},"modified":"2025-09-27T04:59:32","modified_gmt":"2025-09-27T02:59:32","slug":"dyn-air-ballkissen-kids-blau-30-cm","status":"publish","type":"product","link":"https:\/\/www.dehag.de\/fitnesswelten\/produkt\/dyn-air-ballkissen-kids-blau-30-cm\/","title":{"rendered":"Dyn Air Ballkissen Kids blau 30 cm"},"content":{"rendered":"<p>TOGU Dynair\u00ae Ballkissen \u2013 \u00d8 30 cm<\/p>\n<p>Das TOGU Dynair Ballkissen wurde speziell f\u00fcr Kinder entwickelt und eignet sich ideal zur Schulung von Gleichgewicht und Koordination \u2013 perfekte Vorbereitung f\u00fcr sportliche Aktivit\u00e4ten wie Tennis, Skifahren, Inlineskating, Snowboarden oder Surfen.<\/p>\n<p>Ob Dehnen, Mobilisieren, Kr\u00e4ftigen oder gezieltes Muskel- und Koordinationstraining \u2013 zahlreiche \u00dcbungen lassen sich mit dem Dynair Ballkissen durchf\u00fchren. Inspiration und Anleitung bieten die beiliegenden \u00dcbungsposter.<\/p>\n<p>Produktdetails:<\/p>\n<p>Durchmesser: 30 cm<\/p>\n<p>Gewicht: ca. 600 g<\/p>\n<p>Material: Ruton und PVC (latexfrei)<\/p>\n<p>Belastbar bis ca. 200 kg<\/p>\n","protected":false},"excerpt":{"rendered":"<p>Das TOGU Dynair Ballkissen wurde speziell f\u00fcr Kinder entwickelt und eignet sich ideal zur Schulung von Gleichgewicht und Koordination \u2013 perfekte Vorbereitung f\u00fcr sportliche Aktivit\u00e4ten wie Tennis, Skifahren, Inlineskating, Snowboarden oder Surfen.<\/p>\n","protected":false},"featured_media":4386,"template":"","meta":{"_et_pb_use_builder":"","_et_pb_old_content":"","_et_gb_content_width":""},"product_brand":[],"product_cat":[84],"product_tag":[],"class_list":{"0":"post-4385","1":"product","2":"type-product","3":"status-publish","4":"has-post-thumbnail","6":"product_cat-cardio-und-krafttrainingsgeraete","7":"product_shipping_class-dhl","9":"first","10":"instock","11":"taxable","12":"shipping-taxable","13":"purchasable","14":"product-type-simple"},"acf":[],"_links":{"self":[{"href":"https:\/\/www.dehag.de\/fitnesswelten\/wp-json\/wp\/v2\/product\/4385","targetHints":{"allow":["GET"]}}],"collection":[{"href":"https:\/\/www.dehag.de\/fitnesswelten\/wp-json\/wp\/v2\/product"}],"about":[{"href":"https:\/\/www.dehag.de\/fitnesswelten\/wp-json\/wp\/v2\/types\/product"}],"wp:featuredmedia":[{"embeddable":true,"href":"https:\/\/www.dehag.de\/fitnesswelten\/wp-json\/wp\/v2\/media\/4386"}],"wp:attachment":[{"href":"https:\/\/www.dehag.de\/fitnesswelten\/wp-json\/wp\/v2\/media?parent=4385"}],"wp:term":[{"taxonomy":"product_brand","embeddable":true,"href":"https:\/\/www.dehag.de\/fitnesswelten\/wp-json\/wp\/v2\/product_brand?post=4385"},{"taxonomy":"product_cat","embeddable":true,"href":"https:\/\/www.dehag.de\/fitnesswelten\/wp-json\/wp\/v2\/product_cat?post=4385"},{"taxonomy":"product_tag","embeddable":true,"href":"https:\/\/www.dehag.de\/fitnesswelten\/wp-json\/wp\/v2\/product_tag?post=4385"}],"curies":[{"name":"wp","href":"https:\/\/api.w.org\/{rel}","templated":true}]}}