{"id":4419,"date":"2020-07-16T13:56:39","date_gmt":"2020-07-16T11:56:39","guid":{"rendered":"http:\/\/www.dehag.de\/fitnesswelten\/produkt\/kugelhantel-kettlebell-gusseisen-10-kg\/"},"modified":"2025-08-29T09:47:08","modified_gmt":"2025-08-29T07:47:08","slug":"kugelhantel-kettlebell-gusseisen-10-kg","status":"publish","type":"product","link":"https:\/\/www.dehag.de\/fitnesswelten\/produkt\/kugelhantel-kettlebell-gusseisen-10-kg\/","title":{"rendered":"Kugelhantel \/ Kettlebell, Gusseisen 10 kg"},"content":{"rendered":"<p>Produktdetails:<\/p>\n<p>Gewicht: 10 kg<\/p>\n<p>Klassisches Trainingsger\u00e4t mit langer Tradition<\/p>\n<p>Ideal f\u00fcr Kraft-, Ausdauer- und Functional-Training<\/p>\n<p>Ergonomischer Griff f\u00fcr sicheren und komfortablen Halt<\/p>\n<p>Ger\u00e4uschd\u00e4mpfende, sto\u00dffeste PVC-Ummantelung<\/p>\n<p>Vielseitig einsetzbar \u2013 geeignet f\u00fcr zahlreiche \u00dcbungen und Muskelgruppen<\/p>\n<p>Perfekt f\u00fcr Einsteiger und Fortgeschrittene<\/p>\n<p>Geeignet f\u00fcr Training zu Hause oder im Fitnessstudio<\/p>\n","protected":false},"excerpt":{"rendered":"<p>Diese 10 kg schwere Kugelhantel ist ein klassisches Trainingsger\u00e4t mit langer Tradition im Kraft- und Functional-Training. Der ergonomisch geformte Griff sorgt f\u00fcr sicheren Halt und angenehme Handhabung. Die robuste PVC-Beschichtung sch\u00fctzt vor St\u00f6\u00dfen und d\u00e4mpft Ger\u00e4usche \u2013 ideal f\u00fcr das Training zu Hause oder im Studio. F\u00f6rdert Kraft, Ausdauer und Gleichgewicht und erm\u00f6glicht eine gro\u00dfe Bandbreite an \u00dcbungen f\u00fcr verschiedenste Muskelgruppen.<\/p>\n","protected":false},"featured_media":4420,"template":"","meta":{"_et_pb_use_builder":"","_et_pb_old_content":"","_et_gb_content_width":""},"product_brand":[],"product_cat":[84],"product_tag":[],"class_list":{"0":"post-4419","1":"product","2":"type-product","3":"status-publish","4":"has-post-thumbnail","6":"product_cat-cardio-und-krafttrainingsgeraete","7":"product_shipping_class-dpd","9":"first","10":"instock","11":"taxable","12":"shipping-taxable","13":"purchasable","14":"product-type-simple"},"acf":[],"_links":{"self":[{"href":"https:\/\/www.dehag.de\/fitnesswelten\/wp-json\/wp\/v2\/product\/4419","targetHints":{"allow":["GET"]}}],"collection":[{"href":"https:\/\/www.dehag.de\/fitnesswelten\/wp-json\/wp\/v2\/product"}],"about":[{"href":"https:\/\/www.dehag.de\/fitnesswelten\/wp-json\/wp\/v2\/types\/product"}],"wp:featuredmedia":[{"embeddable":true,"href":"https:\/\/www.dehag.de\/fitnesswelten\/wp-json\/wp\/v2\/media\/4420"}],"wp:attachment":[{"href":"https:\/\/www.dehag.de\/fitnesswelten\/wp-json\/wp\/v2\/media?parent=4419"}],"wp:term":[{"taxonomy":"product_brand","embeddable":true,"href":"https:\/\/www.dehag.de\/fitnesswelten\/wp-json\/wp\/v2\/product_brand?post=4419"},{"taxonomy":"product_cat","embeddable":true,"href":"https:\/\/www.dehag.de\/fitnesswelten\/wp-json\/wp\/v2\/product_cat?post=4419"},{"taxonomy":"product_tag","embeddable":true,"href":"https:\/\/www.dehag.de\/fitnesswelten\/wp-json\/wp\/v2\/product_tag?post=4419"}],"curies":[{"name":"wp","href":"https:\/\/api.w.org\/{rel}","templated":true}]}}