{"id":4435,"date":"2025-09-02T11:08:01","date_gmt":"2025-09-02T09:08:01","guid":{"rendered":"http:\/\/www.dehag.de\/fitnesswelten\/produkt\/hantel-dumbbell-3-kg\/"},"modified":"2025-09-02T11:13:39","modified_gmt":"2025-09-02T09:13:39","slug":"hantel-dumbbell-3-kg","status":"publish","type":"product","link":"https:\/\/www.dehag.de\/fitnesswelten\/produkt\/hantel-dumbbell-3-kg\/","title":{"rendered":"Hantel \/ Dumbbell 3 Kg"},"content":{"rendered":"<p>Der robuste Eisenkern sorgt f\u00fcr die n\u00f6tige Stabilit\u00e4t, w\u00e4hrend die griffige Neoprenbeschichtung ein angenehmes und sicheres Handling erm\u00f6glicht \u2013 selbst bei schwei\u00dftreibenden Workouts. Kein Wegrutschen, kein Klappern, kein Kompromiss.<\/p>\n<p>Ob Muskelaufbau, Functional Training oder Reha: Diese Hantel ist vielseitig einsetzbar und macht dein Training effektiv und komfortabel.<\/p>\n<p>Produktdetails:<\/p>\n<p>Gewicht: 3 kg<\/p>\n<p>L\u00e4nge: ca. 18 cm<\/p>\n<p>Material: Eisenkern mit Neopren\u00fcberzug<\/p>\n<p>Rutschfest &#038; ergonomisch geformt<\/p>\n<p>Leicht zu reinigen &#038; langlebig<\/p>\n","protected":false},"excerpt":{"rendered":"<p>Diese 3 kg Hantel ist ideal f\u00fcr alle, die ihr Training auf das n\u00e4chste Level bringen wollen. Mit einer kompakten L\u00e4nge von ca. 18 cm bietet sie die perfekte Balance zwischen Handlichkeit und Trainingsintensit\u00e4t.<\/p>\n","protected":false},"featured_media":4440,"template":"","meta":{"_et_pb_use_builder":"","_et_pb_old_content":"","_et_gb_content_width":""},"product_brand":[],"product_cat":[84],"product_tag":[],"class_list":{"0":"post-4435","1":"product","2":"type-product","3":"status-publish","4":"has-post-thumbnail","6":"product_cat-cardio-und-krafttrainingsgeraete","7":"product_shipping_class-dhl","9":"first","10":"instock","11":"taxable","12":"shipping-taxable","13":"purchasable","14":"product-type-simple"},"acf":[],"_links":{"self":[{"href":"https:\/\/www.dehag.de\/fitnesswelten\/wp-json\/wp\/v2\/product\/4435","targetHints":{"allow":["GET"]}}],"collection":[{"href":"https:\/\/www.dehag.de\/fitnesswelten\/wp-json\/wp\/v2\/product"}],"about":[{"href":"https:\/\/www.dehag.de\/fitnesswelten\/wp-json\/wp\/v2\/types\/product"}],"wp:featuredmedia":[{"embeddable":true,"href":"https:\/\/www.dehag.de\/fitnesswelten\/wp-json\/wp\/v2\/media\/4440"}],"wp:attachment":[{"href":"https:\/\/www.dehag.de\/fitnesswelten\/wp-json\/wp\/v2\/media?parent=4435"}],"wp:term":[{"taxonomy":"product_brand","embeddable":true,"href":"https:\/\/www.dehag.de\/fitnesswelten\/wp-json\/wp\/v2\/product_brand?post=4435"},{"taxonomy":"product_cat","embeddable":true,"href":"https:\/\/www.dehag.de\/fitnesswelten\/wp-json\/wp\/v2\/product_cat?post=4435"},{"taxonomy":"product_tag","embeddable":true,"href":"https:\/\/www.dehag.de\/fitnesswelten\/wp-json\/wp\/v2\/product_tag?post=4435"}],"curies":[{"name":"wp","href":"https:\/\/api.w.org\/{rel}","templated":true}]}}